{"id":157,"date":"2024-05-23T19:51:33","date_gmt":"2024-05-23T19:51:33","guid":{"rendered":"https:\/\/beyond-infinity.blog\/?page_id=157"},"modified":"2024-10-13T21:30:28","modified_gmt":"2024-10-13T21:30:28","slug":"wer-bin-ich","status":"publish","type":"page","link":"https:\/\/de.beyond-infinity.blog\/?page_id=157","title":{"rendered":"Wer bin ich?"},"content":{"rendered":"\n<p>Mein Name ist Greg Isabelli, ich lebe in Frankreich und interessiere mich besonders daf\u00fcr, wie die Digitalisierung Menschen zusammenbringt und ihnen die Macht verleiht, Dinge zu tun, die ohne Technologie undenkbar w\u00e4ren.<\/p>\n\n<p>Ich gr\u00fcndete und leitete 14 Jahre lang die <a href=\"https:\/\/boardgamearena.com\/\" target=\"_blank\" rel=\"noreferrer noopener\">Board Game Arena<\/a>, die heute mit \u00fcber 10 Millionen Mitgliedern der weltweit f\u00fchrende Anbieter von Online-Brettspielen ist.<\/p>\n\n<p>Seit letztem Jahr arbeite ich Vollzeit an einem Projekt, das es den B\u00fcrgern der Welt erm\u00f6glichen soll, direkt auf politische Entscheidungen, die sie betreffen, Einfluss zu nehmen: <a href=\"https:\/\/baztille.org\/\" target=\"_blank\" rel=\"noreferrer noopener\">Baztille<\/a>.<\/p>\n\n<h3 class=\"wp-block-heading\"><strong>Warum diese Website?<\/strong><\/h3>\n\n<p>Das weiterzugeben, was ich beim Aufbau und Wachstum eines Unternehmens gelernt habe.<\/p>\n\n<p>Erkl\u00e4ren Sie die Hintergr\u00fcnde des Baztille-Projekts, die Ideen hinter dem Projekt, seine Funktionsweise und seine Entwicklung.<\/p>\n\n<h3 class=\"wp-block-heading\"><strong>Was ist &#8222;Baztille&#8220;?<\/strong><\/h3>\n\n<blockquote class=\"wp-block-quote is-layout-flow wp-block-quote-is-layout-flow\">\n<p><strong>&#8222;Innerhalb weniger Jahre wird sich die Art und Weise, wie die B\u00fcrger in unseren Demokratien an sie betreffenden Entscheidungen beteiligt sind, radikal ver\u00e4ndert haben.&#8220;<\/strong><\/p>\n<\/blockquote>\n\n<p>Aus dieser \u00dcberzeugung heraus habe ich ein Projekt ins Leben gerufen, das darauf abzielt, den B\u00fcrgern eine v\u00f6llig neue Art der Interaktion mit ihren gew\u00e4hlten Vertretern mit Hilfe eines digitalen Instruments zu erm\u00f6glichen: das <a href=\"https:\/\/baztille.org\/\" target=\"_blank\" rel=\"noreferrer noopener\">Baztille-Projekt<\/a>.<\/p>\n\n<p><strong>Ich<\/strong> bin jedoch davon \u00fcberzeugt<strong>, dass<\/strong> ein oder mehrere Projekte dieser Art die Zukunft unserer Demokratien sein werden.<\/p>\n\n<p>Daher ist eines der Ziele dieses Projekts (und dieser Website) <strong>,<\/strong> <strong>andere Designer<\/strong> <strong>zum Nachdenken an<\/strong> zuregen und <strong>zu inspirieren<\/strong>.<\/p>\n\n<p><\/p>\n\n<h3 class=\"wp-block-heading\"><strong>Wichtig<\/strong><\/h3>\n\n<p>Die auf dieser Website ge\u00e4u\u00dferten Meinungen sind die des Autors und verpflichten nicht die Baztille-Bewegung.<\/p>\n\n<h3 class=\"wp-block-heading\"><strong>Wie kann ich diesem Blog folgen?<\/strong><\/h3>\n\n<p>Mich benachrichtigen, wenn ein neuer Artikel online ist:<\/p>\n\n<p>Alternativ k\u00f6nnen Sie sich auch \u00fcber neue Artikel informieren lassen:<\/p>\n\n<ul class=\"wp-block-list\">\n<li>Folgen Sie mir <a href=\"https:\/\/www.facebook.com\/gisabelli\" target=\"_blank\" rel=\"noreferrer noopener\">auf Facebook<\/a>.<\/li>\n\n\n\n<li>Folgen Sie mir <a href=\"https:\/\/www.instagram.com\/sourisdudesert\/\" target=\"_blank\" rel=\"noreferrer noopener\">auf Instagram<\/a>.<\/li>\n\n\n\n<li>Folgen Sie mir <a href=\"https:\/\/www.linkedin.com\/in\/gisabelli\/\" target=\"_blank\" rel=\"noreferrer noopener\">auf LinkedIn<\/a>.<\/li>\n<\/ul>\n","protected":false},"excerpt":{"rendered":"<p>Mein Name ist Greg Isabelli, ich lebe in Frankreich und interessiere mich besonders daf\u00fcr, wie die Digitalisierung Menschen zusammenbringt und ihnen die Macht verleiht, Dinge zu tun, die ohne Technologie undenkbar w\u00e4ren. Ich gr\u00fcndete und leitete 14 Jahre lang die Board Game Arena, die heute mit \u00fcber 10 Millionen Mitgliedern der weltweit f\u00fchrende Anbieter von [&hellip;]<\/p>\n","protected":false},"author":1,"featured_media":0,"parent":0,"menu_order":0,"comment_status":"closed","ping_status":"open","template":"","meta":{"footnotes":""},"class_list":["post-157","page","type-page","status-publish","hentry"],"featured_image_src":null,"featured_image_src_square":null,"_links":{"self":[{"href":"https:\/\/de.beyond-infinity.blog\/index.php?rest_route=\/wp\/v2\/pages\/157","targetHints":{"allow":["GET"]}}],"collection":[{"href":"https:\/\/de.beyond-infinity.blog\/index.php?rest_route=\/wp\/v2\/pages"}],"about":[{"href":"https:\/\/de.beyond-infinity.blog\/index.php?rest_route=\/wp\/v2\/types\/page"}],"author":[{"embeddable":true,"href":"https:\/\/de.beyond-infinity.blog\/index.php?rest_route=\/wp\/v2\/users\/1"}],"replies":[{"embeddable":true,"href":"https:\/\/de.beyond-infinity.blog\/index.php?rest_route=%2Fwp%2Fv2%2Fcomments&post=157"}],"version-history":[{"count":0,"href":"https:\/\/de.beyond-infinity.blog\/index.php?rest_route=\/wp\/v2\/pages\/157\/revisions"}],"wp:attachment":[{"href":"https:\/\/de.beyond-infinity.blog\/index.php?rest_route=%2Fwp%2Fv2%2Fmedia&parent=157"}],"curies":[{"name":"wp","href":"https:\/\/api.w.org\/{rel}","templated":true}]}}